{"id":5090,"date":"2022-09-16T07:27:01","date_gmt":"2022-09-16T07:27:01","guid":{"rendered":"https:\/\/justcreative.eu\/oskused\/"},"modified":"2024-06-30T14:29:15","modified_gmt":"2024-06-30T14:29:15","slug":"oskused","status":"publish","type":"page","link":"https:\/\/justcreative.eu\/et\/oskused\/","title":{"rendered":"Oskused"},"content":{"rendered":"\t\t<div data-elementor-type=\"wp-page\" data-elementor-id=\"5090\" class=\"elementor elementor-5090 elementor-4575\">\n\t\t\t\t\t\t<section class=\"elementor-section elementor-top-section elementor-element elementor-element-6b94a54 pt-large pb-large project-info elementor-section-boxed elementor-section-height-default elementor-section-height-default\" data-id=\"6b94a54\" data-element_type=\"section\" data-e-type=\"section\" data-settings=\"{&quot;theme_remove_top_bottom_gaps&quot;:&quot;yes&quot;,&quot;background_background&quot;:&quot;classic&quot;}\">\n\t\t\t\t\t\t<div class=\"elementor-container elementor-column-gap-no\">\n\t\t\t\t\t<div class=\"elementor-column elementor-col-100 elementor-top-column elementor-element elementor-element-4ce39f5\" data-id=\"4ce39f5\" data-element_type=\"column\" data-e-type=\"column\">\n\t\t\t<div class=\"elementor-widget-wrap elementor-element-populated\">\n\t\t\t\t\t\t<section class=\"elementor-section elementor-inner-section elementor-element elementor-element-8353714 elementor-section-boxed elementor-section-height-default elementor-section-height-default\" data-id=\"8353714\" data-element_type=\"section\" data-e-type=\"section\" data-settings=\"{&quot;theme_remove_top_bottom_gaps&quot;:&quot;yes&quot;}\">\n\t\t\t\t\t\t<div class=\"elementor-container elementor-column-gap-wide\">\n\t\t\t\t\t<div class=\"elementor-column elementor-col-50 elementor-inner-column elementor-element elementor-element-94fd4f4 mb-small\" data-id=\"94fd4f4\" data-element_type=\"column\" data-e-type=\"column\">\n\t\t\t<div class=\"elementor-widget-wrap elementor-element-populated\">\n\t\t\t\t\t\t<div class=\"elementor-element elementor-element-3aa6365 elementor-widget elementor-widget-kinsey-widget-content-block\" data-id=\"3aa6365\" data-element_type=\"widget\" data-e-type=\"widget\" data-widget_type=\"kinsey-widget-content-block.default\">\n\t\t\t\t<div class=\"elementor-widget-container\">\n\t\t\t\t\t\t\t<div class=\"section section-content\">\n\t\t\t\t\t\t<div class=\"section-content__content content arts-split-text js-arts-split-text\" data-arts-split-text=\"lines\" data-arts-split-text-set=\"lines\" data-arts-split-text-overflow-wrap=\"lines\" data-arts-os-animation=\"true\" data-arts-os-animation-name=\"animateText\"><h1>Oskused<\/h1>\n<\/div>\n\t\t\t\t\t<\/div>\n\t\t\t\t\t\t<\/div>\n\t\t\t\t<\/div>\n\t\t\t\t\t<\/div>\n\t\t<\/div>\n\t\t\t\t<div class=\"elementor-column elementor-col-50 elementor-inner-column elementor-element elementor-element-4a3f009\" data-id=\"4a3f009\" data-element_type=\"column\" data-e-type=\"column\">\n\t\t\t<div class=\"elementor-widget-wrap elementor-element-populated\">\n\t\t\t\t\t\t<div class=\"elementor-element elementor-element-ece74f8 elementor-widget elementor-widget-kinsey-widget-content-block\" data-id=\"ece74f8\" data-element_type=\"widget\" data-e-type=\"widget\" data-widget_type=\"kinsey-widget-content-block.default\">\n\t\t\t\t<div class=\"elementor-widget-container\">\n\t\t\t\t\t\t\t<div class=\"section section-content\">\n\t\t\t\t\t\t<div class=\"section-content__content content arts-split-text js-arts-split-text\" data-arts-split-text=\"lines\" data-arts-split-text-set=\"lines\" data-arts-split-text-overflow-wrap=\"lines\" data-arts-os-animation=\"true\" data-arts-os-animation-name=\"animateText\"><ul>\n<li>Veebi-, rakenduse- ja liidese UX\/UI disain<\/li>\n<li>Disainis\u00fcsteemid<\/li>\n<li>Logo, CVI ja tr\u00fckised<\/li>\n<li>Sotsiaalmeedia ja Google'i reklaamide disain<\/li>\n<li>WordPressi veebilehed<\/li>\n<\/ul>\n<\/div>\n\t\t\t\t\t<\/div>\n\t\t\t\t\t\t<\/div>\n\t\t\t\t<\/div>\n\t\t\t\t\t<\/div>\n\t\t<\/div>\n\t\t\t\t\t<\/div>\n\t\t<\/section>\n\t\t\t\t\t<\/div>\n\t\t<\/div>\n\t\t\t\t\t<\/div>\n\t\t<\/section>\n\t\t\t\t<section class=\"elementor-section elementor-top-section elementor-element elementor-element-bb4d2b4 container-fluid container-fluid_paddings elementor-section-full_width mb-large elementor-section-height-default elementor-section-height-default\" data-id=\"bb4d2b4\" data-element_type=\"section\" data-e-type=\"section\">\n\t\t\t\t\t\t<div class=\"elementor-container elementor-column-gap-default\">\n\t\t\t\t\t<div class=\"elementor-column elementor-col-100 elementor-top-column elementor-element elementor-element-af02880\" data-id=\"af02880\" data-element_type=\"column\" data-e-type=\"column\">\n\t\t\t<div class=\"elementor-widget-wrap elementor-element-populated\">\n\t\t\t\t\t\t<div class=\"elementor-element elementor-element-5327f69 elementor-widget elementor-widget-image-carousel\" data-id=\"5327f69\" data-element_type=\"widget\" data-e-type=\"widget\" data-settings=\"{&quot;slides_to_show&quot;:&quot;4&quot;,&quot;navigation&quot;:&quot;none&quot;,&quot;pause_on_hover&quot;:&quot;no&quot;,&quot;pause_on_interaction&quot;:&quot;no&quot;,&quot;autoplay_speed&quot;:0,&quot;speed&quot;:6000,&quot;image_spacing_custom&quot;:{&quot;unit&quot;:&quot;px&quot;,&quot;size&quot;:0,&quot;sizes&quot;:[]},&quot;slides_to_show_tablet&quot;:&quot;5&quot;,&quot;slides_to_show_mobile&quot;:&quot;1&quot;,&quot;autoplay&quot;:&quot;yes&quot;,&quot;infinite&quot;:&quot;yes&quot;,&quot;image_spacing_custom_tablet&quot;:{&quot;unit&quot;:&quot;px&quot;,&quot;size&quot;:&quot;&quot;,&quot;sizes&quot;:[]}}\" data-widget_type=\"image-carousel.default\">\n\t\t\t\t<div class=\"elementor-widget-container\">\n\t\t\t\t\t\t\t<div class=\"elementor-image-carousel-wrapper swiper\" role=\"region\" aria-roledescription=\"carousel\" aria-label=\"Image Carousel\" dir=\"ltr\">\n\t\t\t<div class=\"elementor-image-carousel swiper-wrapper\" aria-live=\"off\">\n\t\t\t\t\t\t\t\t<div class=\"swiper-slide\" role=\"group\" aria-roledescription=\"slide\" aria-label=\"1 of 4\"><a data-elementor-open-lightbox=\"yes\" data-elementor-lightbox-slideshow=\"5327f69\" data-elementor-lightbox-title=\"Alusta\" data-e-action-hash=\"#elementor-action%3Aaction%3Dlightbox%26settings%3DeyJpZCI6NTEwNSwidXJsIjoiaHR0cHM6XC9cL2p1c3RjcmVhdGl2ZS5ldVwvd3AtY29udGVudFwvdXBsb2Fkc1wvMjAyNFwvMDZcL0FsdXN0YS5zdmciLCJzbGlkZXNob3ciOiI1MzI3ZjY5In0%3D\" href=\"https:\/\/justcreative.eu\/et\/kontakt\/\"><figure class=\"swiper-slide-inner\"><img decoding=\"async\" class=\"swiper-slide-image\" src=\"https:\/\/justcreative.eu\/wp-content\/uploads\/2024\/06\/Alusta.svg\" alt=\"Alusta\" \/><\/figure><\/a><\/div><div class=\"swiper-slide\" role=\"group\" aria-roledescription=\"slide\" aria-label=\"2 of 4\"><a data-elementor-open-lightbox=\"yes\" data-elementor-lightbox-slideshow=\"5327f69\" data-elementor-lightbox-title=\"Projektiga\" data-e-action-hash=\"#elementor-action%3Aaction%3Dlightbox%26settings%3DeyJpZCI6NTEwNywidXJsIjoiaHR0cHM6XC9cL2p1c3RjcmVhdGl2ZS5ldVwvd3AtY29udGVudFwvdXBsb2Fkc1wvMjAyNFwvMDZcL3Byb2pla3RpZ2Euc3ZnIiwic2xpZGVzaG93IjoiNTMyN2Y2OSJ9\" href=\"https:\/\/justcreative.eu\/et\/kontakt\/\"><figure class=\"swiper-slide-inner\"><img decoding=\"async\" class=\"swiper-slide-image\" src=\"https:\/\/justcreative.eu\/wp-content\/uploads\/2024\/06\/projektiga.svg\" alt=\"Projektiga\" \/><\/figure><\/a><\/div><div class=\"swiper-slide\" role=\"group\" aria-roledescription=\"slide\" aria-label=\"3 of 4\"><a data-elementor-open-lightbox=\"yes\" data-elementor-lightbox-slideshow=\"5327f69\" data-elementor-lightbox-title=\"Alusta 2\" data-e-action-hash=\"#elementor-action%3Aaction%3Dlightbox%26settings%3DeyJpZCI6NTEwMywidXJsIjoiaHR0cHM6XC9cL2p1c3RjcmVhdGl2ZS5ldVwvd3AtY29udGVudFwvdXBsb2Fkc1wvMjAyNFwvMDZcL0FsdXN0YS0yLnN2ZyIsInNsaWRlc2hvdyI6IjUzMjdmNjkifQ%3D%3D\" href=\"https:\/\/justcreative.eu\/et\/kontakt\/\"><figure class=\"swiper-slide-inner\"><img decoding=\"async\" class=\"swiper-slide-image\" src=\"https:\/\/justcreative.eu\/wp-content\/uploads\/2024\/06\/Alusta-2.svg\" alt=\"Alusta 2\" \/><\/figure><\/a><\/div><div class=\"swiper-slide\" role=\"group\" aria-roledescription=\"slide\" aria-label=\"4 of 4\"><a data-elementor-open-lightbox=\"yes\" data-elementor-lightbox-slideshow=\"5327f69\" data-elementor-lightbox-title=\"Projektiga 2\" data-e-action-hash=\"#elementor-action%3Aaction%3Dlightbox%26settings%3DeyJpZCI6NTEwOSwidXJsIjoiaHR0cHM6XC9cL2p1c3RjcmVhdGl2ZS5ldVwvd3AtY29udGVudFwvdXBsb2Fkc1wvMjAyNFwvMDZcL3Byb2pla3RpZ2EtMi5zdmciLCJzbGlkZXNob3ciOiI1MzI3ZjY5In0%3D\" href=\"https:\/\/justcreative.eu\/et\/kontakt\/\"><figure class=\"swiper-slide-inner\"><img decoding=\"async\" class=\"swiper-slide-image\" src=\"https:\/\/justcreative.eu\/wp-content\/uploads\/2024\/06\/projektiga-2.svg\" alt=\"Projektiga 2\" \/><\/figure><\/a><\/div>\t\t\t<\/div>\n\t\t\t\t\t\t\t\n\t\t\t\t\t\t\t\t\t<\/div>\n\t\t\t\t\t\t<\/div>\n\t\t\t\t<\/div>\n\t\t\t\t\t<\/div>\n\t\t<\/div>\n\t\t\t\t\t<\/div>\n\t\t<\/section>\n\t\t\t\t<section class=\"elementor-section elementor-top-section elementor-element elementor-element-3a1e1ef elementor-section-boxed elementor-section-height-default elementor-section-height-default elementor-invisible\" data-id=\"3a1e1ef\" data-element_type=\"section\" data-e-type=\"section\" data-settings=\"{&quot;animation&quot;:&quot;fadeInUp&quot;}\">\n\t\t\t\t\t\t<div class=\"elementor-container elementor-column-gap-default\">\n\t\t\t\t\t<div class=\"elementor-column elementor-col-100 elementor-top-column elementor-element elementor-element-dabe6e3\" data-id=\"dabe6e3\" data-element_type=\"column\" data-e-type=\"column\">\n\t\t\t<div class=\"elementor-widget-wrap elementor-element-populated\">\n\t\t\t\t\t\t<div class=\"elementor-element elementor-element-d9f9b0a elementor-widget elementor-widget-image\" data-id=\"d9f9b0a\" data-element_type=\"widget\" data-e-type=\"widget\" data-widget_type=\"image.default\">\n\t\t\t\t<div class=\"elementor-widget-container\">\n\t\t\t\t\t\t\t\t\t\t\t\t\t\t\t<img decoding=\"async\" width=\"150\" height=\"150\" src=\"https:\/\/justcreative.eu\/wp-content\/uploads\/2022\/07\/riho-muuga-150x150.png\" class=\"attachment-thumbnail size-thumbnail wp-image-4857\" alt=\"\" srcset=\"https:\/\/justcreative.eu\/wp-content\/uploads\/2022\/07\/riho-muuga-150x150.png 150w, https:\/\/justcreative.eu\/wp-content\/uploads\/2022\/07\/riho-muuga-300x300.png 300w, https:\/\/justcreative.eu\/wp-content\/uploads\/2022\/07\/riho-muuga-768x768.png 768w, https:\/\/justcreative.eu\/wp-content\/uploads\/2022\/07\/riho-muuga.png 800w\" sizes=\"(max-width: 150px) 100vw, 150px\" \/>\t\t\t\t\t\t\t\t\t\t\t\t\t\t\t<\/div>\n\t\t\t\t<\/div>\n\t\t\t\t<div class=\"elementor-element elementor-element-108bfcc elementor-widget elementor-widget-heading\" data-id=\"108bfcc\" data-element_type=\"widget\" data-e-type=\"widget\" data-settings=\"{&quot;_animation&quot;:&quot;none&quot;}\" data-widget_type=\"heading.default\">\n\t\t\t\t<div class=\"elementor-widget-container\">\n\t\t\t\t\t<h2 class=\"elementor-heading-title elementor-size-default\">Sul on m\u00f5te?<\/h2>\t\t\t\t<\/div>\n\t\t\t\t<\/div>\n\t\t\t\t<div class=\"elementor-element elementor-element-08d0cea elementor-widget elementor-widget-text-editor\" data-id=\"08d0cea\" data-element_type=\"widget\" data-e-type=\"widget\" data-settings=\"{&quot;_animation&quot;:&quot;none&quot;}\" data-widget_type=\"text-editor.default\">\n\t\t\t\t<div class=\"elementor-widget-container\">\n\t\t\t\t\t\t\t\t\t<p style=\"text-align: center;\">V\u00f5ta minuga julgelt \u00fchendust ja alustame koos projekti.<span class=\"Apple-converted-space\">\u00a0<\/span>Saada e-mail aadressile <a href=\"mailto:riho@justcreative.eu\">riho@justcreative.eu<\/a><\/p>\t\t\t\t\t\t\t\t<\/div>\n\t\t\t\t<\/div>\n\t\t\t\t<div class=\"elementor-element elementor-element-9d945cc elementor-widget elementor-widget-heading\" data-id=\"9d945cc\" data-element_type=\"widget\" data-e-type=\"widget\" data-settings=\"{&quot;_animation&quot;:&quot;none&quot;}\" data-widget_type=\"heading.default\">\n\t\t\t\t<div class=\"elementor-widget-container\">\n\t\t\t\t\t<span class=\"elementor-heading-title elementor-size-default\">Just Creative O\u00dc<div>Telliskivi loomelinnak, Tallinn, Estonia<\/div><\/span>\t\t\t\t<\/div>\n\t\t\t\t<\/div>\n\t\t\t\t\t<\/div>\n\t\t<\/div>\n\t\t\t\t\t<\/div>\n\t\t<\/section>\n\t\t\t\t<\/div>\n\t\t","protected":false},"excerpt":{"rendered":"<p>Oskused Veebi-, rakenduse- ja liidese UX\/UI disain Disainis\u00fcsteemid Logo, CVI ja tr\u00fckised Sotsiaalmeedia ja Google&#8217;i reklaamide disain WordPressi veebilehed Sul on m\u00f5te? V\u00f5ta minuga julgelt \u00fchendust ja alustame koos projekti.\u00a0Saada e-mail aadressile riho@justcreative.eu Just Creative O\u00dcTelliskivi loomelinnak, Tallinn, Estonia<\/p>\n","protected":false},"author":1,"featured_media":0,"parent":0,"menu_order":0,"comment_status":"closed","ping_status":"closed","template":"","meta":{"inline_featured_image":false,"footnotes":""},"class_list":["post-5090","page","type-page","status-publish","hentry"],"acf":[],"yoast_head":"<!-- This site is optimized with the Yoast SEO plugin v27.3 - https:\/\/yoast.com\/product\/yoast-seo-wordpress\/ -->\n<title>Oskused -<\/title>\n<meta name=\"robots\" content=\"index, follow, max-snippet:-1, max-image-preview:large, max-video-preview:-1\" \/>\n<link rel=\"canonical\" href=\"https:\/\/justcreative.eu\/et\/oskused\/\" \/>\n<meta property=\"og:locale\" content=\"et_EE\" \/>\n<meta property=\"og:type\" content=\"article\" \/>\n<meta property=\"og:title\" content=\"Oskused -\" \/>\n<meta property=\"og:description\" content=\"Oskused Veebi-, rakenduse- ja liidese UX\/UI disain Disainis\u00fcsteemid Logo, CVI ja tr\u00fckised Sotsiaalmeedia ja Google&#8217;i reklaamide disain WordPressi veebilehed Sul on m\u00f5te? V\u00f5ta minuga julgelt \u00fchendust ja alustame koos projekti.\u00a0Saada e-mail aadressile riho@justcreative.eu Just Creative O\u00dcTelliskivi loomelinnak, Tallinn, Estonia\" \/>\n<meta property=\"og:url\" content=\"https:\/\/justcreative.eu\/et\/oskused\/\" \/>\n<meta property=\"article:publisher\" content=\"https:\/\/www.facebook.com\/justcreativeuiuxdesignstudio\" \/>\n<meta property=\"article:modified_time\" content=\"2024-06-30T14:29:15+00:00\" \/>\n<meta property=\"og:image\" content=\"https:\/\/justcreative.eu\/wp-content\/uploads\/2024\/06\/Alusta.svg\" \/>\n<meta name=\"twitter:card\" content=\"summary_large_image\" \/>\n<meta name=\"twitter:label1\" content=\"Est. reading time\" \/>\n\t<meta name=\"twitter:data1\" content=\"3 minutit\" \/>\n<script type=\"application\/ld+json\" class=\"yoast-schema-graph\">{\"@context\":\"https:\\\/\\\/schema.org\",\"@graph\":[{\"@type\":\"WebPage\",\"@id\":\"https:\\\/\\\/justcreative.eu\\\/et\\\/oskused\\\/\",\"url\":\"https:\\\/\\\/justcreative.eu\\\/et\\\/oskused\\\/\",\"name\":\"Oskused -\",\"isPartOf\":{\"@id\":\"https:\\\/\\\/justcreative.eu\\\/#website\"},\"primaryImageOfPage\":{\"@id\":\"https:\\\/\\\/justcreative.eu\\\/et\\\/oskused\\\/#primaryimage\"},\"image\":{\"@id\":\"https:\\\/\\\/justcreative.eu\\\/et\\\/oskused\\\/#primaryimage\"},\"thumbnailUrl\":\"https:\\\/\\\/justcreative.eu\\\/wp-content\\\/uploads\\\/2024\\\/06\\\/Alusta.svg\",\"datePublished\":\"2022-09-16T07:27:01+00:00\",\"dateModified\":\"2024-06-30T14:29:15+00:00\",\"breadcrumb\":{\"@id\":\"https:\\\/\\\/justcreative.eu\\\/et\\\/oskused\\\/#breadcrumb\"},\"inLanguage\":\"et\",\"potentialAction\":[{\"@type\":\"ReadAction\",\"target\":[\"https:\\\/\\\/justcreative.eu\\\/et\\\/oskused\\\/\"]}]},{\"@type\":\"ImageObject\",\"inLanguage\":\"et\",\"@id\":\"https:\\\/\\\/justcreative.eu\\\/et\\\/oskused\\\/#primaryimage\",\"url\":\"https:\\\/\\\/justcreative.eu\\\/wp-content\\\/uploads\\\/2024\\\/06\\\/Alusta.svg\",\"contentUrl\":\"https:\\\/\\\/justcreative.eu\\\/wp-content\\\/uploads\\\/2024\\\/06\\\/Alusta.svg\"},{\"@type\":\"BreadcrumbList\",\"@id\":\"https:\\\/\\\/justcreative.eu\\\/et\\\/oskused\\\/#breadcrumb\",\"itemListElement\":[{\"@type\":\"ListItem\",\"position\":1,\"name\":\"Home\",\"item\":\"https:\\\/\\\/justcreative.eu\\\/\"},{\"@type\":\"ListItem\",\"position\":2,\"name\":\"Oskused\"}]},{\"@type\":\"WebSite\",\"@id\":\"https:\\\/\\\/justcreative.eu\\\/#website\",\"url\":\"https:\\\/\\\/justcreative.eu\\\/\",\"name\":\"\",\"description\":\"\",\"publisher\":{\"@id\":\"https:\\\/\\\/justcreative.eu\\\/#organization\"},\"potentialAction\":[{\"@type\":\"SearchAction\",\"target\":{\"@type\":\"EntryPoint\",\"urlTemplate\":\"https:\\\/\\\/justcreative.eu\\\/?s={search_term_string}\"},\"query-input\":{\"@type\":\"PropertyValueSpecification\",\"valueRequired\":true,\"valueName\":\"search_term_string\"}}],\"inLanguage\":\"et\"},{\"@type\":\"Organization\",\"@id\":\"https:\\\/\\\/justcreative.eu\\\/#organization\",\"name\":\"Just Creative\",\"url\":\"https:\\\/\\\/justcreative.eu\\\/\",\"logo\":{\"@type\":\"ImageObject\",\"inLanguage\":\"et\",\"@id\":\"https:\\\/\\\/justcreative.eu\\\/#\\\/schema\\\/logo\\\/image\\\/\",\"url\":\"https:\\\/\\\/justcreative.eu\\\/projects\\\/jusrcreative\\\/wp-content\\\/uploads\\\/2022\\\/07\\\/Logo-2021-horz.svg\",\"contentUrl\":\"https:\\\/\\\/justcreative.eu\\\/projects\\\/jusrcreative\\\/wp-content\\\/uploads\\\/2022\\\/07\\\/Logo-2021-horz.svg\",\"width\":157,\"height\":34,\"caption\":\"Just Creative\"},\"image\":{\"@id\":\"https:\\\/\\\/justcreative.eu\\\/#\\\/schema\\\/logo\\\/image\\\/\"},\"sameAs\":[\"https:\\\/\\\/www.facebook.com\\\/justcreativeuiuxdesignstudio\"]}]}<\/script>\n<!-- \/ Yoast SEO plugin. -->","yoast_head_json":{"title":"Oskused -","robots":{"index":"index","follow":"follow","max-snippet":"max-snippet:-1","max-image-preview":"max-image-preview:large","max-video-preview":"max-video-preview:-1"},"canonical":"https:\/\/justcreative.eu\/et\/oskused\/","og_locale":"et_EE","og_type":"article","og_title":"Oskused -","og_description":"Oskused Veebi-, rakenduse- ja liidese UX\/UI disain Disainis\u00fcsteemid Logo, CVI ja tr\u00fckised Sotsiaalmeedia ja Google&#8217;i reklaamide disain WordPressi veebilehed Sul on m\u00f5te? V\u00f5ta minuga julgelt \u00fchendust ja alustame koos projekti.\u00a0Saada e-mail aadressile riho@justcreative.eu Just Creative O\u00dcTelliskivi loomelinnak, Tallinn, Estonia","og_url":"https:\/\/justcreative.eu\/et\/oskused\/","article_publisher":"https:\/\/www.facebook.com\/justcreativeuiuxdesignstudio","article_modified_time":"2024-06-30T14:29:15+00:00","og_image":[{"url":"https:\/\/justcreative.eu\/wp-content\/uploads\/2024\/06\/Alusta.svg","type":"","width":"","height":""}],"twitter_card":"summary_large_image","twitter_misc":{"Est. reading time":"3 minutit"},"schema":{"@context":"https:\/\/schema.org","@graph":[{"@type":"WebPage","@id":"https:\/\/justcreative.eu\/et\/oskused\/","url":"https:\/\/justcreative.eu\/et\/oskused\/","name":"Oskused -","isPartOf":{"@id":"https:\/\/justcreative.eu\/#website"},"primaryImageOfPage":{"@id":"https:\/\/justcreative.eu\/et\/oskused\/#primaryimage"},"image":{"@id":"https:\/\/justcreative.eu\/et\/oskused\/#primaryimage"},"thumbnailUrl":"https:\/\/justcreative.eu\/wp-content\/uploads\/2024\/06\/Alusta.svg","datePublished":"2022-09-16T07:27:01+00:00","dateModified":"2024-06-30T14:29:15+00:00","breadcrumb":{"@id":"https:\/\/justcreative.eu\/et\/oskused\/#breadcrumb"},"inLanguage":"et","potentialAction":[{"@type":"ReadAction","target":["https:\/\/justcreative.eu\/et\/oskused\/"]}]},{"@type":"ImageObject","inLanguage":"et","@id":"https:\/\/justcreative.eu\/et\/oskused\/#primaryimage","url":"https:\/\/justcreative.eu\/wp-content\/uploads\/2024\/06\/Alusta.svg","contentUrl":"https:\/\/justcreative.eu\/wp-content\/uploads\/2024\/06\/Alusta.svg"},{"@type":"BreadcrumbList","@id":"https:\/\/justcreative.eu\/et\/oskused\/#breadcrumb","itemListElement":[{"@type":"ListItem","position":1,"name":"Home","item":"https:\/\/justcreative.eu\/"},{"@type":"ListItem","position":2,"name":"Oskused"}]},{"@type":"WebSite","@id":"https:\/\/justcreative.eu\/#website","url":"https:\/\/justcreative.eu\/","name":"","description":"","publisher":{"@id":"https:\/\/justcreative.eu\/#organization"},"potentialAction":[{"@type":"SearchAction","target":{"@type":"EntryPoint","urlTemplate":"https:\/\/justcreative.eu\/?s={search_term_string}"},"query-input":{"@type":"PropertyValueSpecification","valueRequired":true,"valueName":"search_term_string"}}],"inLanguage":"et"},{"@type":"Organization","@id":"https:\/\/justcreative.eu\/#organization","name":"Just Creative","url":"https:\/\/justcreative.eu\/","logo":{"@type":"ImageObject","inLanguage":"et","@id":"https:\/\/justcreative.eu\/#\/schema\/logo\/image\/","url":"https:\/\/justcreative.eu\/projects\/jusrcreative\/wp-content\/uploads\/2022\/07\/Logo-2021-horz.svg","contentUrl":"https:\/\/justcreative.eu\/projects\/jusrcreative\/wp-content\/uploads\/2022\/07\/Logo-2021-horz.svg","width":157,"height":34,"caption":"Just Creative"},"image":{"@id":"https:\/\/justcreative.eu\/#\/schema\/logo\/image\/"},"sameAs":["https:\/\/www.facebook.com\/justcreativeuiuxdesignstudio"]}]}},"_links":{"self":[{"href":"https:\/\/justcreative.eu\/et\/wp-json\/wp\/v2\/pages\/5090","targetHints":{"allow":["GET"]}}],"collection":[{"href":"https:\/\/justcreative.eu\/et\/wp-json\/wp\/v2\/pages"}],"about":[{"href":"https:\/\/justcreative.eu\/et\/wp-json\/wp\/v2\/types\/page"}],"author":[{"embeddable":true,"href":"https:\/\/justcreative.eu\/et\/wp-json\/wp\/v2\/users\/1"}],"replies":[{"embeddable":true,"href":"https:\/\/justcreative.eu\/et\/wp-json\/wp\/v2\/comments?post=5090"}],"version-history":[{"count":6,"href":"https:\/\/justcreative.eu\/et\/wp-json\/wp\/v2\/pages\/5090\/revisions"}],"predecessor-version":[{"id":5127,"href":"https:\/\/justcreative.eu\/et\/wp-json\/wp\/v2\/pages\/5090\/revisions\/5127"}],"wp:attachment":[{"href":"https:\/\/justcreative.eu\/et\/wp-json\/wp\/v2\/media?parent=5090"}],"curies":[{"name":"wp","href":"https:\/\/api.w.org\/{rel}","templated":true}]}}